{"id":217,"date":"2022-06-10T08:17:10","date_gmt":"2022-06-10T08:17:10","guid":{"rendered":"https:\/\/sco-solutions.com\/staging\/?page_id=217"},"modified":"2023-08-06T14:32:05","modified_gmt":"2023-08-06T18:32:05","slug":"webinar-y-eventos","status":"publish","type":"page","link":"https:\/\/sco-solutions.com\/en\/webinar-y-eventos\/","title":{"rendered":"Events and Webinar"},"content":{"rendered":"<div data-elementor-type=\"wp-page\" data-elementor-id=\"217\" class=\"elementor elementor-217\" data-elementor-post-type=\"page\">\n\t\t\t\t\t\t<section class=\"elementor-section elementor-top-section elementor-element elementor-element-f7e704f elementor-section-full_width elementor-section-stretched elementor-section-height-default elementor-section-height-default\" data-id=\"f7e704f\" data-element_type=\"section\" data-e-type=\"section\" data-settings=\"{&quot;stretch_section&quot;:&quot;section-stretched&quot;,&quot;background_background&quot;:&quot;classic&quot;}\">\n\t\t\t\t\t\t\t<div class=\"elementor-background-overlay\"><\/div>\n\t\t\t\t\t\t\t<div class=\"elementor-container elementor-column-gap-no\">\n\t\t\t\t\t<div class=\"elementor-column elementor-col-100 elementor-top-column elementor-element elementor-element-07dc301\" data-id=\"07dc301\" data-element_type=\"column\" data-e-type=\"column\">\n\t\t\t<div class=\"elementor-widget-wrap elementor-element-populated\">\n\t\t\t\t\t\t<div class=\"elementor-element elementor-element-209fe3a elementor-widget elementor-widget-image\" data-id=\"209fe3a\" data-element_type=\"widget\" data-e-type=\"widget\" data-widget_type=\"image.default\">\n\t\t\t\t<div class=\"elementor-widget-container\">\n\t\t\t\t\t\t\t\t\t\t\t\t\t\t\t<img fetchpriority=\"high\" decoding=\"async\" width=\"1000\" height=\"400\" src=\"https:\/\/sco-solutions.com\/wp-content\/uploads\/2022\/06\/LOGO-SCO-VF.png\" class=\"attachment-large size-large wp-image-10\" alt=\"\" srcset=\"https:\/\/sco-solutions.com\/wp-content\/uploads\/2022\/06\/LOGO-SCO-VF.png 1000w, https:\/\/sco-solutions.com\/wp-content\/uploads\/2022\/06\/LOGO-SCO-VF-600x240.png 600w, https:\/\/sco-solutions.com\/wp-content\/uploads\/2022\/06\/LOGO-SCO-VF-300x120.png 300w, https:\/\/sco-solutions.com\/wp-content\/uploads\/2022\/06\/LOGO-SCO-VF-768x307.png 768w\" sizes=\"(max-width: 1000px) 100vw, 1000px\" \/>\t\t\t\t\t\t\t\t\t\t\t\t\t\t\t<\/div>\n\t\t\t\t<\/div>\n\t\t\t\t<div class=\"elementor-element elementor-element-780a0ab elementor-widget elementor-widget-heading\" data-id=\"780a0ab\" data-element_type=\"widget\" data-e-type=\"widget\" data-widget_type=\"heading.default\">\n\t\t\t\t<div class=\"elementor-widget-container\">\n\t\t\t\t\t<h2 class=\"elementor-heading-title elementor-size-default\">Expanding knowledge!<\/h2>\t\t\t\t<\/div>\n\t\t\t\t<\/div>\n\t\t\t\t\t<\/div>\n\t\t<\/div>\n\t\t\t\t\t<\/div>\n\t\t<\/section>\n\t\t\t\t<section class=\"elementor-section elementor-top-section elementor-element elementor-element-5ffaea1 elementor-section-boxed elementor-section-height-default elementor-section-height-default\" data-id=\"5ffaea1\" data-element_type=\"section\" data-e-type=\"section\">\n\t\t\t\t\t\t<div class=\"elementor-container elementor-column-gap-default\">\n\t\t\t\t\t<div class=\"elementor-column elementor-col-100 elementor-top-column elementor-element elementor-element-6192822\" data-id=\"6192822\" data-element_type=\"column\" data-e-type=\"column\">\n\t\t\t<div class=\"elementor-widget-wrap elementor-element-populated\">\n\t\t\t\t\t\t<div class=\"elementor-element elementor-element-f934738 elementor-widget elementor-widget-heading\" data-id=\"f934738\" data-element_type=\"widget\" data-e-type=\"widget\" data-widget_type=\"heading.default\">\n\t\t\t\t<div class=\"elementor-widget-container\">\n\t\t\t\t\t<h2 class=\"elementor-heading-title elementor-size-default\">SCO STUDIES<\/h2>\t\t\t\t<\/div>\n\t\t\t\t<\/div>\n\t\t\t\t<section class=\"elementor-section elementor-inner-section elementor-element elementor-element-95578e1 elementor-section-boxed elementor-section-height-default elementor-section-height-default\" data-id=\"95578e1\" data-element_type=\"section\" data-e-type=\"section\">\n\t\t\t\t\t\t<div class=\"elementor-container elementor-column-gap-default\">\n\t\t\t\t\t<div class=\"elementor-column elementor-col-50 elementor-inner-column elementor-element elementor-element-d22e2d7\" data-id=\"d22e2d7\" data-element_type=\"column\" data-e-type=\"column\">\n\t\t\t<div class=\"elementor-widget-wrap elementor-element-populated\">\n\t\t\t\t\t\t<div class=\"elementor-element elementor-element-9023eba elementor-widget elementor-widget-text-editor\" data-id=\"9023eba\" data-element_type=\"widget\" data-e-type=\"widget\" data-widget_type=\"text-editor.default\">\n\t\t\t\t<div class=\"elementor-widget-container\">\n\t\t\t\t\t\t\t\t\t<h4><strong>Challenges and new paradigms with Digital Transformation<\/strong>:<\/h4><p>In this first study, we interviewed leaders from different organizations to understand what challenges they faced in the last 3 years, how they have dealt with these challenges, and how technology has also supported this adaptation process.\n(Available only in Spanish)<\/p><p>At SCO Solutions we want to contribute to the knowledge of the market and contribute with a look to broaden and expand knowledge.<\/p><p><strong>Do you want to know more about the study?\u00a0<a href=\"https:\/\/sco-solutions.com\/en\/estudios-sco\/\">Enter here<\/a><\/strong><\/p>\t\t\t\t\t\t\t\t<\/div>\n\t\t\t\t<\/div>\n\t\t\t\t\t<\/div>\n\t\t<\/div>\n\t\t\t\t<div class=\"elementor-column elementor-col-50 elementor-inner-column elementor-element elementor-element-c4742b0\" data-id=\"c4742b0\" data-element_type=\"column\" data-e-type=\"column\">\n\t\t\t<div class=\"elementor-widget-wrap elementor-element-populated\">\n\t\t\t\t\t\t<div class=\"elementor-element elementor-element-73fce64 elementor-widget elementor-widget-image\" data-id=\"73fce64\" data-element_type=\"widget\" data-e-type=\"widget\" data-widget_type=\"image.default\">\n\t\t\t\t<div class=\"elementor-widget-container\">\n\t\t\t\t\t\t\t\t\t\t\t\t\t\t\t<img decoding=\"async\" width=\"297\" height=\"421\" src=\"https:\/\/sco-solutions.com\/wp-content\/uploads\/2023\/08\/paradigmas.png\" class=\"attachment-large size-large wp-image-83\" alt=\"\" srcset=\"https:\/\/sco-solutions.com\/wp-content\/uploads\/2023\/08\/paradigmas.png 1362w, https:\/\/sco-solutions.com\/wp-content\/uploads\/2023\/08\/paradigmas-600x851.png 600w, https:\/\/sco-solutions.com\/wp-content\/uploads\/2023\/08\/paradigmas-212x300.png 212w, https:\/\/sco-solutions.com\/wp-content\/uploads\/2023\/08\/paradigmas-722x1024.png 722w, https:\/\/sco-solutions.com\/wp-content\/uploads\/2023\/08\/paradigmas-768x1089.png 768w, https:\/\/sco-solutions.com\/wp-content\/uploads\/2023\/08\/paradigmas-1083x1536.png 1083w, https:\/\/sco-solutions.com\/wp-content\/uploads\/2023\/08\/paradigmas-8x12.png 8w\" sizes=\"(max-width: 297px) 100vw, 297px\" \/>\t\t\t\t\t\t\t\t\t\t\t\t\t\t\t<\/div>\n\t\t\t\t<\/div>\n\t\t\t\t\t<\/div>\n\t\t<\/div>\n\t\t\t\t\t<\/div>\n\t\t<\/section>\n\t\t\t\t\t<\/div>\n\t\t<\/div>\n\t\t\t\t\t<\/div>\n\t\t<\/section>\n\t\t\t\t<section class=\"elementor-section elementor-top-section elementor-element elementor-element-eef0ccb elementor-section-full_width elementor-section-stretched elementor-section-height-default elementor-section-height-default\" data-id=\"eef0ccb\" data-element_type=\"section\" data-e-type=\"section\" data-settings=\"{&quot;stretch_section&quot;:&quot;section-stretched&quot;,&quot;background_background&quot;:&quot;classic&quot;}\">\n\t\t\t\t\t\t\t<div class=\"elementor-background-overlay\"><\/div>\n\t\t\t\t\t\t\t<div class=\"elementor-container elementor-column-gap-no\">\n\t\t\t\t\t<div class=\"elementor-column elementor-col-100 elementor-top-column elementor-element elementor-element-af1c01f\" data-id=\"af1c01f\" data-element_type=\"column\" data-e-type=\"column\">\n\t\t\t<div class=\"elementor-widget-wrap elementor-element-populated\">\n\t\t\t\t\t\t<div class=\"elementor-element elementor-element-0b8cb13 elementor-widget elementor-widget-heading\" data-id=\"0b8cb13\" data-element_type=\"widget\" data-e-type=\"widget\" data-widget_type=\"heading.default\">\n\t\t\t\t<div class=\"elementor-widget-container\">\n\t\t\t\t\t<h2 class=\"elementor-heading-title elementor-size-default\">SCO SOLUTIONS<\/h2>\t\t\t\t<\/div>\n\t\t\t\t<\/div>\n\t\t\t\t<div class=\"elementor-element elementor-element-14fc087 elementor-widget elementor-widget-heading\" data-id=\"14fc087\" data-element_type=\"widget\" data-e-type=\"widget\" data-widget_type=\"heading.default\">\n\t\t\t\t<div class=\"elementor-widget-container\">\n\t\t\t\t\t<h2 class=\"elementor-heading-title elementor-size-default\">EVENTS AND WEBINAR<\/h2>\t\t\t\t<\/div>\n\t\t\t\t<\/div>\n\t\t\t\t<div class=\"elementor-element elementor-element-a21b8fd elementor-widget elementor-widget-text-editor\" data-id=\"a21b8fd\" data-element_type=\"widget\" data-e-type=\"widget\" data-widget_type=\"text-editor.default\">\n\t\t\t\t<div class=\"elementor-widget-container\">\n\t\t\t\t\t\t\t\t\t<p>A space to share knowledge that generates real value.<\/p>\t\t\t\t\t\t\t\t<\/div>\n\t\t\t\t<\/div>\n\t\t\t\t\t<\/div>\n\t\t<\/div>\n\t\t\t\t\t<\/div>\n\t\t<\/section>\n\t\t\t\t<section class=\"elementor-section elementor-top-section elementor-element elementor-element-dbc08a2 elementor-section-boxed elementor-section-height-default elementor-section-height-default\" data-id=\"dbc08a2\" data-element_type=\"section\" data-e-type=\"section\" data-settings=\"{&quot;background_background&quot;:&quot;classic&quot;}\">\n\t\t\t\t\t\t<div class=\"elementor-container elementor-column-gap-default\">\n\t\t\t\t\t<div class=\"elementor-column elementor-col-100 elementor-top-column elementor-element elementor-element-870ace3\" data-id=\"870ace3\" data-element_type=\"column\" data-e-type=\"column\">\n\t\t\t<div class=\"elementor-widget-wrap elementor-element-populated\">\n\t\t\t\t\t\t<section class=\"elementor-section elementor-inner-section elementor-element elementor-element-9147f0e elementor-section-boxed elementor-section-height-default elementor-section-height-default\" data-id=\"9147f0e\" data-element_type=\"section\" data-e-type=\"section\">\n\t\t\t\t\t\t<div class=\"elementor-container elementor-column-gap-default\">\n\t\t\t\t\t<div class=\"elementor-column elementor-col-50 elementor-inner-column elementor-element elementor-element-a24526d\" data-id=\"a24526d\" data-element_type=\"column\" data-e-type=\"column\">\n\t\t\t<div class=\"elementor-widget-wrap elementor-element-populated\">\n\t\t\t\t\t\t<div class=\"elementor-element elementor-element-7308b05 elementor-widget elementor-widget-text-editor\" data-id=\"7308b05\" data-element_type=\"widget\" data-e-type=\"widget\" data-widget_type=\"text-editor.default\">\n\t\t\t\t<div class=\"elementor-widget-container\">\n\t\t\t\t\t\t\t\t\t<h3>We implemented SAP!... And now what?<\/h3><p>In this Webinar we share Tips, tools and recommendations to face the production output of SAP technologies seeking to achieve a true adoption of these new technologies. (Available only in Spanish)<\/p><p><strong><a href=\"https:\/\/sco-solutions.com\/en\/webinar-implantamos-sap-y-ahora-que\/\">See the webinar here!<\/a><\/strong><\/p>\t\t\t\t\t\t\t\t<\/div>\n\t\t\t\t<\/div>\n\t\t\t\t\t<\/div>\n\t\t<\/div>\n\t\t\t\t<div class=\"elementor-column elementor-col-50 elementor-inner-column elementor-element elementor-element-93a1b34\" data-id=\"93a1b34\" data-element_type=\"column\" data-e-type=\"column\">\n\t\t\t<div class=\"elementor-widget-wrap elementor-element-populated\">\n\t\t\t\t\t\t<div class=\"elementor-element elementor-element-e63f7c1 elementor-widget elementor-widget-image\" data-id=\"e63f7c1\" data-element_type=\"widget\" data-e-type=\"widget\" data-widget_type=\"image.default\">\n\t\t\t\t<div class=\"elementor-widget-container\">\n\t\t\t\t\t\t\t\t\t\t\t\t\t\t\t<img decoding=\"async\" width=\"1024\" height=\"576\" src=\"https:\/\/sco-solutions.com\/wp-content\/uploads\/2023\/08\/webinar.png\" class=\"attachment-large size-large wp-image-220\" alt=\"\" srcset=\"https:\/\/sco-solutions.com\/wp-content\/uploads\/2023\/08\/webinar.png 1920w, https:\/\/sco-solutions.com\/wp-content\/uploads\/2023\/08\/webinar-600x338.png 600w, https:\/\/sco-solutions.com\/wp-content\/uploads\/2023\/08\/webinar-300x169.png 300w, https:\/\/sco-solutions.com\/wp-content\/uploads\/2023\/08\/webinar-1024x576.png 1024w, https:\/\/sco-solutions.com\/wp-content\/uploads\/2023\/08\/webinar-768x432.png 768w, https:\/\/sco-solutions.com\/wp-content\/uploads\/2023\/08\/webinar-1536x864.png 1536w, https:\/\/sco-solutions.com\/wp-content\/uploads\/2023\/08\/webinar-18x10.png 18w\" sizes=\"(max-width: 1024px) 100vw, 1024px\" \/>\t\t\t\t\t\t\t\t\t\t\t\t\t\t\t<\/div>\n\t\t\t\t<\/div>\n\t\t\t\t\t<\/div>\n\t\t<\/div>\n\t\t\t\t\t<\/div>\n\t\t<\/section>\n\t\t\t\t\t<\/div>\n\t\t<\/div>\n\t\t\t\t\t<\/div>\n\t\t<\/section>\n\t\t\t\t<section class=\"elementor-section elementor-top-section elementor-element elementor-element-063200c elementor-reverse-mobile elementor-section-boxed elementor-section-height-default elementor-section-height-default\" data-id=\"063200c\" data-element_type=\"section\" data-e-type=\"section\" data-settings=\"{&quot;background_background&quot;:&quot;classic&quot;}\">\n\t\t\t\t\t\t<div class=\"elementor-container elementor-column-gap-default\">\n\t\t\t\t\t<div class=\"elementor-column elementor-col-50 elementor-top-column elementor-element elementor-element-7528551\" data-id=\"7528551\" data-element_type=\"column\" data-e-type=\"column\">\n\t\t\t<div class=\"elementor-widget-wrap elementor-element-populated\">\n\t\t\t\t\t\t<div class=\"elementor-element elementor-element-0f56e79 elementor-widget elementor-widget-image\" data-id=\"0f56e79\" data-element_type=\"widget\" data-e-type=\"widget\" data-widget_type=\"image.default\">\n\t\t\t\t<div class=\"elementor-widget-container\">\n\t\t\t\t\t\t\t\t\t\t\t\t\t\t\t<img loading=\"lazy\" decoding=\"async\" width=\"1024\" height=\"576\" src=\"https:\/\/sco-solutions.com\/wp-content\/uploads\/2023\/08\/webinar-benefits.png\" class=\"attachment-large size-large wp-image-222\" alt=\"\" srcset=\"https:\/\/sco-solutions.com\/wp-content\/uploads\/2023\/08\/webinar-benefits.png 1280w, https:\/\/sco-solutions.com\/wp-content\/uploads\/2023\/08\/webinar-benefits-600x338.png 600w, https:\/\/sco-solutions.com\/wp-content\/uploads\/2023\/08\/webinar-benefits-300x169.png 300w, https:\/\/sco-solutions.com\/wp-content\/uploads\/2023\/08\/webinar-benefits-1024x576.png 1024w, https:\/\/sco-solutions.com\/wp-content\/uploads\/2023\/08\/webinar-benefits-768x432.png 768w, https:\/\/sco-solutions.com\/wp-content\/uploads\/2023\/08\/webinar-benefits-18x10.png 18w\" sizes=\"(max-width: 1024px) 100vw, 1024px\" \/>\t\t\t\t\t\t\t\t\t\t\t\t\t\t\t<\/div>\n\t\t\t\t<\/div>\n\t\t\t\t\t<\/div>\n\t\t<\/div>\n\t\t\t\t<div class=\"elementor-column elementor-col-50 elementor-top-column elementor-element elementor-element-e8f8644\" data-id=\"e8f8644\" data-element_type=\"column\" data-e-type=\"column\">\n\t\t\t<div class=\"elementor-widget-wrap elementor-element-populated\">\n\t\t\t\t\t\t<div class=\"elementor-element elementor-element-aff8b54 elementor-widget elementor-widget-text-editor\" data-id=\"aff8b54\" data-element_type=\"widget\" data-e-type=\"widget\" data-widget_type=\"text-editor.default\">\n\t\t\t\t<div class=\"elementor-widget-container\">\n\t\t\t\t\t\t\t\t\t<h3>SAP BTP, Discover the benefits it has for your organization<\/h3><p>In this Webinar, where we had attendees from Chile, Argentina, Peru, Mexico, Colombia, Ecuador, Spain and Guatemala, we explained simply and concretely what SAP BTP is, its functionalities and its benefits. (Available only in Spanish)\u00a0<\/p><p><strong><a href=\"https:\/\/sco-solutions.com\/en\/webinar-sap-btp\/\">See the webinar here!<\/a><\/strong><\/p>\t\t\t\t\t\t\t\t<\/div>\n\t\t\t\t<\/div>\n\t\t\t\t\t<\/div>\n\t\t<\/div>\n\t\t\t\t\t<\/div>\n\t\t<\/section>\n\t\t\t\t<\/div>","protected":false},"excerpt":{"rendered":"<p>\u00a1Expandiendo conocimientos! ESTUDIOS SCO Desaf\u00edos y nuevos paradigmas con la Transformaci\u00f3n Digital: En este primer estudio, entrevistamos a l\u00edderes de diferentes organizaciones para entender cu\u00e1les han sido los desaf\u00edos que han tenido que enfrentar en los \u00faltimos 3 a\u00f1os, c\u00f3mo le han dado frente a estos desaf\u00edos y c\u00f3mo tambi\u00e9n la tecnolog\u00eda ha apoyado este [&hellip;]<\/p>\n","protected":false},"author":1,"featured_media":0,"parent":0,"menu_order":0,"comment_status":"closed","ping_status":"closed","template":"","meta":{"content-type":"","site-sidebar-layout":"no-sidebar","site-content-layout":"page-builder","ast-site-content-layout":"default","site-content-style":"default","site-sidebar-style":"default","ast-global-header-display":"","ast-banner-title-visibility":"","ast-main-header-display":"","ast-hfb-above-header-display":"","ast-hfb-below-header-display":"","ast-hfb-mobile-header-display":"","site-post-title":"disabled","ast-breadcrumbs-content":"","ast-featured-img":"disabled","footer-sml-layout":"","theme-transparent-header-meta":"","adv-header-id-meta":"","stick-header-meta":"","header-above-stick-meta":"","header-main-stick-meta":"","header-below-stick-meta":"","astra-migrate-meta-layouts":"default","ast-page-background-enabled":"default","ast-page-background-meta":{"desktop":{"background-color":"var(--ast-global-color-4)","background-image":"","background-repeat":"repeat","background-position":"center center","background-size":"auto","background-attachment":"scroll","background-type":"","background-media":"","overlay-type":"","overlay-color":"","overlay-opacity":"","overlay-gradient":""},"tablet":{"background-color":"","background-image":"","background-repeat":"repeat","background-position":"center center","background-size":"auto","background-attachment":"scroll","background-type":"","background-media":"","overlay-type":"","overlay-color":"","overlay-opacity":"","overlay-gradient":""},"mobile":{"background-color":"","background-image":"","background-repeat":"repeat","background-position":"center center","background-size":"auto","background-attachment":"scroll","background-type":"","background-media":"","overlay-type":"","overlay-color":"","overlay-opacity":"","overlay-gradient":""}},"ast-content-background-meta":{"desktop":{"background-color":"var(--ast-global-color-5)","background-image":"","background-repeat":"repeat","background-position":"center center","background-size":"auto","background-attachment":"scroll","background-type":"","background-media":"","overlay-type":"","overlay-color":"","overlay-opacity":"","overlay-gradient":""},"tablet":{"background-color":"var(--ast-global-color-5)","background-image":"","background-repeat":"repeat","background-position":"center center","background-size":"auto","background-attachment":"scroll","background-type":"","background-media":"","overlay-type":"","overlay-color":"","overlay-opacity":"","overlay-gradient":""},"mobile":{"background-color":"var(--ast-global-color-5)","background-image":"","background-repeat":"repeat","background-position":"center center","background-size":"auto","background-attachment":"scroll","background-type":"","background-media":"","overlay-type":"","overlay-color":"","overlay-opacity":"","overlay-gradient":""}},"_joinchat":[],"footnotes":""},"class_list":["post-217","page","type-page","status-publish","hentry"],"rttpg_featured_image_url":null,"rttpg_author":{"display_name":"SCO Solutions","author_link":"https:\/\/sco-solutions.com\/en\/author\/wilmarc\/"},"rttpg_comment":0,"rttpg_category":null,"rttpg_excerpt":"\u00a1Expandiendo conocimientos! ESTUDIOS SCO Desaf\u00edos y nuevos paradigmas con la Transformaci\u00f3n Digital: En este primer estudio, entrevistamos a l\u00edderes de diferentes organizaciones para entender cu\u00e1les han sido los desaf\u00edos que han tenido que enfrentar en los \u00faltimos 3 a\u00f1os, c\u00f3mo le han dado frente a estos desaf\u00edos y c\u00f3mo tambi\u00e9n la tecnolog\u00eda ha apoyado este&hellip;","_links":{"self":[{"href":"https:\/\/sco-solutions.com\/en\/wp-json\/wp\/v2\/pages\/217","targetHints":{"allow":["GET"]}}],"collection":[{"href":"https:\/\/sco-solutions.com\/en\/wp-json\/wp\/v2\/pages"}],"about":[{"href":"https:\/\/sco-solutions.com\/en\/wp-json\/wp\/v2\/types\/page"}],"author":[{"embeddable":true,"href":"https:\/\/sco-solutions.com\/en\/wp-json\/wp\/v2\/users\/1"}],"replies":[{"embeddable":true,"href":"https:\/\/sco-solutions.com\/en\/wp-json\/wp\/v2\/comments?post=217"}],"version-history":[{"count":36,"href":"https:\/\/sco-solutions.com\/en\/wp-json\/wp\/v2\/pages\/217\/revisions"}],"predecessor-version":[{"id":3154,"href":"https:\/\/sco-solutions.com\/en\/wp-json\/wp\/v2\/pages\/217\/revisions\/3154"}],"wp:attachment":[{"href":"https:\/\/sco-solutions.com\/en\/wp-json\/wp\/v2\/media?parent=217"}],"curies":[{"name":"wp","href":"https:\/\/api.w.org\/{rel}","templated":true}]}}