{"id":570,"date":"2022-06-14T21:26:06","date_gmt":"2022-06-14T21:26:06","guid":{"rendered":"https:\/\/sco-solutions.com\/staging\/?page_id=570"},"modified":"2022-11-10T13:32:12","modified_gmt":"2022-11-10T17:32:12","slug":"webinar-sap-btp","status":"publish","type":"page","link":"https:\/\/sco-solutions.com\/en\/webinar-sap-btp\/","title":{"rendered":"Webinar SAP BTP"},"content":{"rendered":"\t\t<div data-elementor-type=\"wp-page\" data-elementor-id=\"570\" class=\"elementor elementor-570\" data-elementor-post-type=\"page\">\n\t\t\t\t\t\t<section class=\"elementor-section elementor-top-section elementor-element elementor-element-55428b8 elementor-section-full_width elementor-section-stretched elementor-section-height-default elementor-section-height-default\" data-id=\"55428b8\" data-element_type=\"section\" data-e-type=\"section\" data-settings=\"{&quot;stretch_section&quot;:&quot;section-stretched&quot;,&quot;background_background&quot;:&quot;classic&quot;}\">\n\t\t\t\t\t\t<div class=\"elementor-container elementor-column-gap-no\">\n\t\t\t\t\t<div class=\"elementor-column elementor-col-100 elementor-top-column elementor-element elementor-element-bf529ba\" data-id=\"bf529ba\" data-element_type=\"column\" data-e-type=\"column\" data-settings=\"{&quot;background_background&quot;:&quot;classic&quot;}\">\n\t\t\t<div class=\"elementor-widget-wrap elementor-element-populated\">\n\t\t\t\t\t<div class=\"elementor-background-overlay\"><\/div>\n\t\t\t\t\t\t<div class=\"elementor-element elementor-element-fbecb02 elementor-widget elementor-widget-heading\" data-id=\"fbecb02\" data-element_type=\"widget\" data-e-type=\"widget\" data-widget_type=\"heading.default\">\n\t\t\t\t<div class=\"elementor-widget-container\">\n\t\t\t\t\t<h2 class=\"elementor-heading-title elementor-size-default\">Webinar SAP BTP<\/h2>\t\t\t\t<\/div>\n\t\t\t\t<\/div>\n\t\t\t\t<div class=\"elementor-element elementor-element-f6a59d6 elementor-widget elementor-widget-text-editor\" data-id=\"f6a59d6\" data-element_type=\"widget\" data-e-type=\"widget\" data-widget_type=\"text-editor.default\">\n\t\t\t\t<div class=\"elementor-widget-container\">\n\t\t\t\t\t\t\t\t\t<p>Descubre los beneficios que tiene para tu organizaci\u00f3n<\/p>\t\t\t\t\t\t\t\t<\/div>\n\t\t\t\t<\/div>\n\t\t\t\t\t<\/div>\n\t\t<\/div>\n\t\t\t\t\t<\/div>\n\t\t<\/section>\n\t\t\t\t<section class=\"elementor-section elementor-top-section elementor-element elementor-element-cd09d85 elementor-section-boxed elementor-section-height-default elementor-section-height-default\" data-id=\"cd09d85\" data-element_type=\"section\" data-e-type=\"section\">\n\t\t\t\t\t\t<div class=\"elementor-container elementor-column-gap-default\">\n\t\t\t\t\t<div class=\"elementor-column elementor-col-50 elementor-top-column elementor-element elementor-element-b0b3cb0\" data-id=\"b0b3cb0\" data-element_type=\"column\" data-e-type=\"column\">\n\t\t\t<div class=\"elementor-widget-wrap elementor-element-populated\">\n\t\t\t\t\t\t<div class=\"elementor-element elementor-element-710a4c1 elementor-widget elementor-widget-heading\" data-id=\"710a4c1\" data-element_type=\"widget\" data-e-type=\"widget\" data-widget_type=\"heading.default\">\n\t\t\t\t<div class=\"elementor-widget-container\">\n\t\t\t\t\t<h2 class=\"elementor-heading-title elementor-size-default\">\u00bfDe qu\u00e9 se trat\u00f3 este Webinar?<\/h2>\t\t\t\t<\/div>\n\t\t\t\t<\/div>\n\t\t\t\t<div class=\"elementor-element elementor-element-98f744b elementor-widget-divider--view-line elementor-widget elementor-widget-divider\" data-id=\"98f744b\" data-element_type=\"widget\" data-e-type=\"widget\" data-widget_type=\"divider.default\">\n\t\t\t\t<div class=\"elementor-widget-container\">\n\t\t\t\t\t\t\t<div class=\"elementor-divider\">\n\t\t\t<span class=\"elementor-divider-separator\">\n\t\t\t\t\t\t<\/span>\n\t\t<\/div>\n\t\t\t\t\t\t<\/div>\n\t\t\t\t<\/div>\n\t\t\t\t<div class=\"elementor-element elementor-element-9a8c8ae elementor-widget elementor-widget-text-editor\" data-id=\"9a8c8ae\" data-element_type=\"widget\" data-e-type=\"widget\" data-widget_type=\"text-editor.default\">\n\t\t\t\t<div class=\"elementor-widget-container\">\n\t\t\t\t\t\t\t\t\t<p class=\"_04xlpA direction-ltr align-start para-style-body\">En este Webinar, en donde tuvimos asistentes de Chile, Argentina, Per\u00fa, M\u00e9xico, Colombia, Ecuador, Espa\u00f1a y Guatemala, explicamos de forma simple y concreta qu\u00e9 es SAP BTP, sus funcionalidades y sus beneficios.\u00a0<\/p><p class=\"_04xlpA direction-ltr align-start para-style-body\">De la mano de Giovanny Corsini, pudimos conocer que SAP Business Technology Platform (BTP) es el\u00a0<strong>coraz\u00f3n<\/strong>\u00a0para transformar a las empresas en\u00a0<em><strong>empresas tecnol\u00f3gicamente inteligentes.\u00a0<\/strong><\/em>Hoy en d\u00eda, producto de todos los desaf\u00edos que las organizaciones est\u00e1n viviendo, se hace imperativo poder dar respuesta de forma r\u00e1pida y \u00e1gil a estos. SAP BTP, nos entrega un conjunto de funcionalidades categorizadas en 4 grandes grupos:<\/p><p class=\"_04xlpA direction-ltr align-start para-style-body\">\u2013\u00a0\u00a0<b>Gesti\u00f3n de datos y base de datos<\/b><\/p><p class=\"_04xlpA direction-ltr align-start para-style-body\">\u2013\u00a0<b>Anal\u00edticas<\/b><\/p><p class=\"_04xlpA direction-ltr align-start para-style-body\">\u2013\u00a0<b>Desarrollo de aplicaciones e integraciones<\/b><\/p><p class=\"_04xlpA direction-ltr align-start para-style-body\">\u2013\u00a0<b>Tecnolog\u00edas Inteligentes<\/b><\/p>\t\t\t\t\t\t\t\t<\/div>\n\t\t\t\t<\/div>\n\t\t\t\t\t<\/div>\n\t\t<\/div>\n\t\t\t\t<div class=\"elementor-column elementor-col-50 elementor-top-column elementor-element elementor-element-101b982\" data-id=\"101b982\" data-element_type=\"column\" data-e-type=\"column\">\n\t\t\t<div class=\"elementor-widget-wrap elementor-element-populated\">\n\t\t\t\t\t\t<div class=\"elementor-element elementor-element-80e3a61 elementor-widget elementor-widget-image\" data-id=\"80e3a61\" data-element_type=\"widget\" data-e-type=\"widget\" data-widget_type=\"image.default\">\n\t\t\t\t<div class=\"elementor-widget-container\">\n\t\t\t\t\t\t\t\t\t\t\t\t\t\t\t<img fetchpriority=\"high\" decoding=\"async\" width=\"1011\" height=\"471\" src=\"https:\/\/sco-solutions.com\/wp-content\/uploads\/2022\/06\/webinar-sco-2.png\" class=\"attachment-full size-full wp-image-579\" alt=\"\" srcset=\"https:\/\/sco-solutions.com\/wp-content\/uploads\/2022\/06\/webinar-sco-2.png 1011w, https:\/\/sco-solutions.com\/wp-content\/uploads\/2022\/06\/webinar-sco-2-600x280.png 600w, https:\/\/sco-solutions.com\/wp-content\/uploads\/2022\/06\/webinar-sco-2-300x140.png 300w, https:\/\/sco-solutions.com\/wp-content\/uploads\/2022\/06\/webinar-sco-2-768x358.png 768w\" sizes=\"(max-width: 1011px) 100vw, 1011px\" \/>\t\t\t\t\t\t\t\t\t\t\t\t\t\t\t<\/div>\n\t\t\t\t<\/div>\n\t\t\t\t<div class=\"elementor-element elementor-element-3db0851 elementor-widget elementor-widget-text-editor\" data-id=\"3db0851\" data-element_type=\"widget\" data-e-type=\"widget\" data-widget_type=\"text-editor.default\">\n\t\t\t\t<div class=\"elementor-widget-container\">\n\t\t\t\t\t\t\t\t\t<p class=\"_04xlpA direction-ltr align-start para-style-body\"><strong>Revive el Webinar aqu\u00ed:<\/strong><\/p>\t\t\t\t\t\t\t\t<\/div>\n\t\t\t\t<\/div>\n\t\t\t\t<div class=\"elementor-element elementor-element-a6f866a elementor-widget elementor-widget-image\" data-id=\"a6f866a\" data-element_type=\"widget\" data-e-type=\"widget\" data-widget_type=\"image.default\">\n\t\t\t\t<div class=\"elementor-widget-container\">\n\t\t\t\t\t\t\t\t\t\t\t\t\t\t\t<img decoding=\"async\" width=\"1024\" height=\"576\" src=\"https:\/\/sco-solutions.com\/wp-content\/uploads\/2022\/06\/1637849117875-1024x576.jpg\" class=\"attachment-large size-large wp-image-222\" alt=\"\" srcset=\"https:\/\/sco-solutions.com\/wp-content\/uploads\/2022\/06\/1637849117875-1024x576.jpg 1024w, https:\/\/sco-solutions.com\/wp-content\/uploads\/2022\/06\/1637849117875-600x338.jpg 600w, https:\/\/sco-solutions.com\/wp-content\/uploads\/2022\/06\/1637849117875-300x169.jpg 300w, https:\/\/sco-solutions.com\/wp-content\/uploads\/2022\/06\/1637849117875-768x432.jpg 768w, https:\/\/sco-solutions.com\/wp-content\/uploads\/2022\/06\/1637849117875-1536x864.jpg 1536w, https:\/\/sco-solutions.com\/wp-content\/uploads\/2022\/06\/1637849117875.jpg 1920w\" sizes=\"(max-width: 1024px) 100vw, 1024px\" \/>\t\t\t\t\t\t\t\t\t\t\t\t\t\t\t<\/div>\n\t\t\t\t<\/div>\n\t\t\t\t\t<\/div>\n\t\t<\/div>\n\t\t\t\t\t<\/div>\n\t\t<\/section>\n\t\t\t\t<section class=\"elementor-section elementor-top-section elementor-element elementor-element-7d63efa elementor-section-boxed elementor-section-height-default elementor-section-height-default\" data-id=\"7d63efa\" data-element_type=\"section\" data-e-type=\"section\">\n\t\t\t\t\t\t<div class=\"elementor-container elementor-column-gap-default\">\n\t\t\t\t\t<div class=\"elementor-column elementor-col-100 elementor-top-column elementor-element elementor-element-33e2ee4\" data-id=\"33e2ee4\" data-element_type=\"column\" data-e-type=\"column\">\n\t\t\t<div class=\"elementor-widget-wrap elementor-element-populated\">\n\t\t\t\t\t\t<div class=\"elementor-element elementor-element-d133d13 elementor-widget elementor-widget-text-editor\" data-id=\"d133d13\" data-element_type=\"widget\" data-e-type=\"widget\" data-widget_type=\"text-editor.default\">\n\t\t\t\t<div class=\"elementor-widget-container\">\n\t\t\t\t\t\t\t\t\t<div class=\"et_pb_module et_pb_text et_pb_text_9 et_pb_text_align_left et_pb_bg_layout_light\"><div class=\"et_pb_text_inner\"><p class=\"_04xlpA direction-ltr align-start para-style-body\">7 grandes beneficios expusimos en este webinar que van desde la\u00a0Transformaci\u00f3n hasta la Optimizaci\u00f3n.<\/p><p class=\"_04xlpA direction-ltr align-start para-style-body\">Seguido de esto, contamos con la exposici\u00f3n de Mayron Millaqueo, especialista en Experiencia de usuario con tecnolog\u00edas SAP y gracias a su experiencia de haber apoyado diferentes organizaciones, pudimos conocer casos pr\u00e1cticos donde el valor de esta tecnolog\u00eda qued\u00f3 en manifiesto.<\/p><\/div><\/div>\t\t\t\t\t\t\t\t<\/div>\n\t\t\t\t<\/div>\n\t\t\t\t\t<\/div>\n\t\t<\/div>\n\t\t\t\t\t<\/div>\n\t\t<\/section>\n\t\t\t\t<section class=\"elementor-section elementor-top-section elementor-element elementor-element-3b7fb64 elementor-section-boxed elementor-section-height-default elementor-section-height-default\" data-id=\"3b7fb64\" data-element_type=\"section\" data-e-type=\"section\">\n\t\t\t\t\t\t<div class=\"elementor-container elementor-column-gap-default\">\n\t\t\t\t\t<div class=\"elementor-column elementor-col-100 elementor-top-column elementor-element elementor-element-2ff3fbb\" data-id=\"2ff3fbb\" data-element_type=\"column\" data-e-type=\"column\">\n\t\t\t<div class=\"elementor-widget-wrap elementor-element-populated\">\n\t\t\t\t\t\t<div class=\"elementor-element elementor-element-b108cb4 elementor-widget elementor-widget-heading\" data-id=\"b108cb4\" data-element_type=\"widget\" data-e-type=\"widget\" data-widget_type=\"heading.default\">\n\t\t\t\t<div class=\"elementor-widget-container\">\n\t\t\t\t\t<h2 class=\"elementor-heading-title elementor-size-default\">DESCARGA LA PRESENTACI\u00d3N AQU\u00cd:<\/h2>\t\t\t\t<\/div>\n\t\t\t\t<\/div>\n\t\t\t\t<div class=\"elementor-element elementor-element-bbc8344 elementor-button-align-start elementor-widget elementor-widget-form\" data-id=\"bbc8344\" data-element_type=\"widget\" data-e-type=\"widget\" data-settings=\"{&quot;step_next_label&quot;:&quot;Next&quot;,&quot;step_previous_label&quot;:&quot;Previous&quot;,&quot;button_width&quot;:&quot;100&quot;,&quot;step_type&quot;:&quot;number_text&quot;,&quot;step_icon_shape&quot;:&quot;circle&quot;}\" data-widget_type=\"form.default\">\n\t\t\t\t<div class=\"elementor-widget-container\">\n\t\t\t\t\t\t\t<form class=\"elementor-form\" method=\"post\" name=\"New Form\" aria-label=\"New Form\">\n\t\t\t<input type=\"hidden\" name=\"post_id\" value=\"570\"\/>\n\t\t\t<input type=\"hidden\" name=\"form_id\" value=\"bbc8344\"\/>\n\t\t\t<input type=\"hidden\" name=\"referer_title\" value=\"Webinar SAP BTP - SCO Solutions\" \/>\n\n\t\t\t\t\t\t\t<input type=\"hidden\" name=\"queried_id\" value=\"570\"\/>\n\t\t\t\n\t\t\t<div class=\"elementor-form-fields-wrapper elementor-labels-\">\n\t\t\t\t\t\t\t\t<div class=\"elementor-field-type-text elementor-field-group elementor-column elementor-field-group-name elementor-col-50 elementor-field-required\">\n\t\t\t\t\t\t\t\t\t\t\t\t<label for=\"form-field-name\" class=\"elementor-field-label elementor-screen-only\">\n\t\t\t\t\t\t\t\tNombre\t\t\t\t\t\t\t<\/label>\n\t\t\t\t\t\t\t\t\t\t\t\t\t\t<input size=\"1\" type=\"text\" name=\"form_fields[name]\" id=\"form-field-name\" class=\"elementor-field elementor-size-sm  elementor-field-textual\" placeholder=\"Nombre\" required=\"required\">\n\t\t\t\t\t\t\t\t\t\t\t<\/div>\n\t\t\t\t\t\t\t\t<div class=\"elementor-field-type-text elementor-field-group elementor-column elementor-field-group-field_27243b6 elementor-col-50\">\n\t\t\t\t\t\t\t\t\t\t\t\t<label for=\"form-field-field_27243b6\" class=\"elementor-field-label elementor-screen-only\">\n\t\t\t\t\t\t\t\tTel\u00e9fono\t\t\t\t\t\t\t<\/label>\n\t\t\t\t\t\t\t\t\t\t\t\t\t\t<input size=\"1\" type=\"text\" name=\"form_fields[field_27243b6]\" id=\"form-field-field_27243b6\" class=\"elementor-field elementor-size-sm  elementor-field-textual\" placeholder=\"Tel\u00e9fono\">\n\t\t\t\t\t\t\t\t\t\t\t<\/div>\n\t\t\t\t\t\t\t\t<div class=\"elementor-field-type-text elementor-field-group elementor-column elementor-field-group-field_f54cf3e elementor-col-50\">\n\t\t\t\t\t\t\t\t\t\t\t\t<label for=\"form-field-field_f54cf3e\" class=\"elementor-field-label elementor-screen-only\">\n\t\t\t\t\t\t\t\tEmpresa\t\t\t\t\t\t\t<\/label>\n\t\t\t\t\t\t\t\t\t\t\t\t\t\t<input size=\"1\" type=\"text\" name=\"form_fields[field_f54cf3e]\" id=\"form-field-field_f54cf3e\" class=\"elementor-field elementor-size-sm  elementor-field-textual\" placeholder=\"Empresa\">\n\t\t\t\t\t\t\t\t\t\t\t<\/div>\n\t\t\t\t\t\t\t\t<div class=\"elementor-field-type-email elementor-field-group elementor-column elementor-field-group-email elementor-col-50 elementor-field-required\">\n\t\t\t\t\t\t\t\t\t\t\t\t<label for=\"form-field-email\" class=\"elementor-field-label elementor-screen-only\">\n\t\t\t\t\t\t\t\tEmail\t\t\t\t\t\t\t<\/label>\n\t\t\t\t\t\t\t\t\t\t\t\t\t\t<input size=\"1\" type=\"email\" name=\"form_fields[email]\" id=\"form-field-email\" class=\"elementor-field elementor-size-sm  elementor-field-textual\" placeholder=\"Email\" required=\"required\">\n\t\t\t\t\t\t\t\t\t\t\t<\/div>\n\t\t\t\t\t\t\t\t<div class=\"elementor-field-type-recaptcha elementor-field-group elementor-column elementor-field-group-field_c07c6d1 elementor-col-100\">\n\t\t\t\t\t<div class=\"elementor-field\" id=\"form-field-field_c07c6d1\"><div class=\"elementor-g-recaptcha\" data-sitekey=\"6LdTfmggAAAAAOrS4qAHVOcEYn-BToJIEsBhJGx1\" data-type=\"v2_checkbox\" data-theme=\"light\" data-size=\"normal\"><\/div><\/div>\t\t\t\t<\/div>\n\t\t\t\t\t\t\t\t<div class=\"elementor-field-group elementor-column elementor-field-type-submit elementor-col-100 e-form__buttons\">\n\t\t\t\t\t<button class=\"elementor-button elementor-size-sm\" type=\"submit\">\n\t\t\t\t\t\t<span class=\"elementor-button-content-wrapper\">\n\t\t\t\t\t\t\t\t\t\t\t\t\t\t\t\t\t\t\t\t\t\t<span class=\"elementor-button-text\">Enviar<\/span>\n\t\t\t\t\t\t\t\t\t\t\t\t\t<\/span>\n\t\t\t\t\t<\/button>\n\t\t\t\t<\/div>\n\t\t\t<\/div>\n\t\t<\/form>\n\t\t\t\t\t\t<\/div>\n\t\t\t\t<\/div>\n\t\t\t\t\t<\/div>\n\t\t<\/div>\n\t\t\t\t\t<\/div>\n\t\t<\/section>\n\t\t\t\t<\/div>\n\t\t","protected":false},"excerpt":{"rendered":"<p>Webinar SAP BTP Descubre los beneficios que tiene para tu organizaci\u00f3n \u00bfDe qu\u00e9 se trat\u00f3 este Webinar? En este Webinar, en donde tuvimos asistentes de Chile, Argentina, Per\u00fa, M\u00e9xico, Colombia, Ecuador, Espa\u00f1a y Guatemala, explicamos de forma simple y concreta qu\u00e9 es SAP BTP, sus funcionalidades y sus beneficios.\u00a0 De la mano de Giovanny Corsini, [&hellip;]<\/p>\n","protected":false},"author":1,"featured_media":0,"parent":0,"menu_order":0,"comment_status":"closed","ping_status":"closed","template":"","meta":{"content-type":"","site-sidebar-layout":"no-sidebar","site-content-layout":"page-builder","ast-site-content-layout":"default","site-content-style":"default","site-sidebar-style":"default","ast-global-header-display":"","ast-banner-title-visibility":"","ast-main-header-display":"","ast-hfb-above-header-display":"","ast-hfb-below-header-display":"","ast-hfb-mobile-header-display":"","site-post-title":"disabled","ast-breadcrumbs-content":"","ast-featured-img":"disabled","footer-sml-layout":"","theme-transparent-header-meta":"","adv-header-id-meta":"","stick-header-meta":"","header-above-stick-meta":"","header-main-stick-meta":"","header-below-stick-meta":"","astra-migrate-meta-layouts":"default","ast-page-background-enabled":"default","ast-page-background-meta":{"desktop":{"background-color":"var(--ast-global-color-4)","background-image":"","background-repeat":"repeat","background-position":"center center","background-size":"auto","background-attachment":"scroll","background-type":"","background-media":"","overlay-type":"","overlay-color":"","overlay-opacity":"","overlay-gradient":""},"tablet":{"background-color":"","background-image":"","background-repeat":"repeat","background-position":"center center","background-size":"auto","background-attachment":"scroll","background-type":"","background-media":"","overlay-type":"","overlay-color":"","overlay-opacity":"","overlay-gradient":""},"mobile":{"background-color":"","background-image":"","background-repeat":"repeat","background-position":"center center","background-size":"auto","background-attachment":"scroll","background-type":"","background-media":"","overlay-type":"","overlay-color":"","overlay-opacity":"","overlay-gradient":""}},"ast-content-background-meta":{"desktop":{"background-color":"var(--ast-global-color-5)","background-image":"","background-repeat":"repeat","background-position":"center center","background-size":"auto","background-attachment":"scroll","background-type":"","background-media":"","overlay-type":"","overlay-color":"","overlay-opacity":"","overlay-gradient":""},"tablet":{"background-color":"var(--ast-global-color-5)","background-image":"","background-repeat":"repeat","background-position":"center center","background-size":"auto","background-attachment":"scroll","background-type":"","background-media":"","overlay-type":"","overlay-color":"","overlay-opacity":"","overlay-gradient":""},"mobile":{"background-color":"var(--ast-global-color-5)","background-image":"","background-repeat":"repeat","background-position":"center center","background-size":"auto","background-attachment":"scroll","background-type":"","background-media":"","overlay-type":"","overlay-color":"","overlay-opacity":"","overlay-gradient":""}},"_joinchat":[],"footnotes":""},"class_list":["post-570","page","type-page","status-publish","hentry"],"rttpg_featured_image_url":null,"rttpg_author":{"display_name":"SCO Solutions","author_link":"https:\/\/sco-solutions.com\/en\/author\/wilmarc\/"},"rttpg_comment":0,"rttpg_category":null,"rttpg_excerpt":"Webinar SAP BTP Descubre los beneficios que tiene para tu organizaci\u00f3n \u00bfDe qu\u00e9 se trat\u00f3 este Webinar? En este Webinar, en donde tuvimos asistentes de Chile, Argentina, Per\u00fa, M\u00e9xico, Colombia, Ecuador, Espa\u00f1a y Guatemala, explicamos de forma simple y concreta qu\u00e9 es SAP BTP, sus funcionalidades y sus beneficios.\u00a0 De la mano de Giovanny Corsini,&hellip;","_links":{"self":[{"href":"https:\/\/sco-solutions.com\/en\/wp-json\/wp\/v2\/pages\/570","targetHints":{"allow":["GET"]}}],"collection":[{"href":"https:\/\/sco-solutions.com\/en\/wp-json\/wp\/v2\/pages"}],"about":[{"href":"https:\/\/sco-solutions.com\/en\/wp-json\/wp\/v2\/types\/page"}],"author":[{"embeddable":true,"href":"https:\/\/sco-solutions.com\/en\/wp-json\/wp\/v2\/users\/1"}],"replies":[{"embeddable":true,"href":"https:\/\/sco-solutions.com\/en\/wp-json\/wp\/v2\/comments?post=570"}],"version-history":[{"count":41,"href":"https:\/\/sco-solutions.com\/en\/wp-json\/wp\/v2\/pages\/570\/revisions"}],"predecessor-version":[{"id":1831,"href":"https:\/\/sco-solutions.com\/en\/wp-json\/wp\/v2\/pages\/570\/revisions\/1831"}],"wp:attachment":[{"href":"https:\/\/sco-solutions.com\/en\/wp-json\/wp\/v2\/media?parent=570"}],"curies":[{"name":"wp","href":"https:\/\/api.w.org\/{rel}","templated":true}]}}